{"id":2035,"date":"2018-11-26T06:50:41","date_gmt":"2018-11-26T08:50:41","guid":{"rendered":"https:\/\/www.klaipedosvertimai.lt\/dokumentu-apostilizavimas\/"},"modified":"2020-09-18T11:08:29","modified_gmt":"2020-09-18T08:08:29","slug":"apostilirovaniye-dokumentov","status":"publish","type":"page","link":"https:\/\/www.klaipedosvertimai.lt\/ru\/apostilirovaniye-dokumentov\/","title":{"rendered":"\u0410\u043f\u043e\u0441\u0442\u0438\u043b\u0438\u0440\u043e\u0432\u0430\u043d\u0438\u0435 \u0434\u043e\u043a\u0443\u043c\u0435\u043d\u0442\u043e\u0432"},"content":{"rendered":"<div class=\"wpb-content-wrapper\"><p>[vc_row css_animation=&#187;&#187; row_type=&#187;row&#187; use_row_as_full_screen_section=&#187;no&#187; type=&#187;full_width&#187; angled_section=&#187;no&#187; text_align=&#187;left&#187; background_image_as_pattern=&#187;without_pattern&#187;][vc_column width=&#187;1\/2&#8243;][vc_column_text el_class=&#187;text-justify&#187;]<\/p>\n<h3><strong>\u0427\u0422\u041e \u0422\u0410\u041a\u041e\u0415 \u0410\u041f\u041e\u0421\u0422\u0418\u041b\u042c?<\/strong><\/h3>\n<p>\u0410\u043f\u043e\u0441\u0442\u0438\u043b\u044c \u2013 \u044d\u0442\u043e \u043b\u0435\u0433\u0430\u043b\u0438\u0437\u0430\u0446\u0438\u044f \u0434\u043e\u043a\u0443\u043c\u0435\u043d\u0442\u0430, \u043a\u043e\u0433\u0434\u0430 \u043f\u043e\u0434\u0442\u0432\u0435\u0440\u0436\u0434\u0430\u0435\u0442\u0441\u044f \u043f\u043e\u0434\u043b\u0438\u043d\u043d\u043e\u0441\u0442\u044c \u043f\u0435\u0447\u0430\u0442\u0435\u0439 \u043d\u0430 \u0434\u043e\u043a\u0443\u043c\u0435\u043d\u0442\u0430\u0445 \u0438 \u0434\u043e\u043b\u0436\u043d\u043e\u0441\u0442\u044c \u043f\u043e\u0434\u043f\u0438\u0441\u0430\u0432\u0448\u0435\u0433\u043e \u043b\u0438\u0446\u0430. \u0410\u043f\u043e\u0441\u0442\u0438\u043b\u0435\u043c \u043c\u043e\u0436\u0435\u0442 \u0431\u044b\u0442\u044c \u0437\u0430\u0432\u0435\u0440\u0435\u043d \u043a\u0430\u043a \u043e\u0440\u0438\u0433\u0438\u043d\u0430\u043b, \u0442\u0430\u043a \u0438 \u043d\u043e\u0442\u0430\u0440\u0438\u0430\u043b\u044c\u043d\u043e \u0437\u0430\u0432\u0435\u0440\u0435\u043d\u043d\u0430\u044f \u043a\u043e\u043f\u0438\u044f \u043e\u0440\u0438\u0433\u0438\u043d\u0430\u043b\u0430.<\/p>\n<p>Dokumentai su apostile galioja visose valstyb\u0117se, prisijungusiose prie 1961 m. spalio 5 d. Hagos konvencijos d\u0117l u\u017esienio valstyb\u0117se i\u0161duot\u0173 dokument\u0173 legalizavimo panaikinimo. Lietuvoje i\u0161duotus dokumentus apostilizuoja LR notarai.<\/p>\n<h3>Ar b\u016btina dokumentus legalizuoti vykti pa\u010diam?<\/h3>\n<p>Tikrai ne! \u201eKlaip\u0117dos vertimai&#187; teikia dokument\u0173 legalizavimo paslaug\u0105. Apostilizavimo \/ legalizavimo kaina priklauso nuo skubos (18-25 EUR \/ 1 dok.).<\/p>\n<h3>K\u0105 b\u016btina \u017einoti apie dokument\u0173 apostilizavim\u0105?<\/h3>\n<p>Legalizuoti ir apostilizuoti pateikiamas dokumentas turi b\u016bti i\u0161duotas Lietuvos Respublikoje. Jei dokumentas i\u0161duotas iki 1990 m. kovo 11 dienos, b\u016btina j\u012f pakeisti nauju. Taip pat jis turi b\u016bti tvarkingas, jei yra sudarytas i\u0161 keli\u0173 lap\u0173, priimamas tik susi\u016btas arba su para\u0161ais kiekviename lape. Kiekvienas dokumentas tvirtinamas atskirai. Jei J\u016bs\u0173 dokumentas i\u0161duotas u\u017esienyje, patartina j\u012f apostilizuoti arba legalizuoti toje \u0161alyje arba kreiptis \u012f artimiausi\u0105 atitinkamos \u0161alies ambasad\u0105![\/vc_column_text][\/vc_column][vc_column width=&#187;1\/2&#8243;][vc_single_image image=&#187;1027&#8243; img_size=&#187;full&#187; qode_css_animation=&#187;&#187;][\/vc_column][\/vc_row][vc_row css_animation=&#187;&#187; row_type=&#187;row&#187; use_row_as_full_screen_section=&#187;no&#187; type=&#187;full_width&#187; angled_section=&#187;no&#187; text_align=&#187;left&#187; background_image_as_pattern=&#187;without_pattern&#187;][vc_column][vc_empty_space height=&#187;100px&#187;][\/vc_column][\/vc_row]<\/p>\n<\/div>","protected":false},"excerpt":{"rendered":"<p>[vc_row css_animation=&#187;&#187; row_type=&#187;row&#187; use_row_as_full_screen_section=&#187;no&#187; type=&#187;full_width&#187; angled_section=&#187;no&#187; text_align=&#187;left&#187; background_image_as_pattern=&#187;without_pattern&#187;][vc_column width=&#187;1\/2&#8243;][vc_column_text el_class=&#187;text-justify&#187;] \u0427\u0422\u041e \u0422\u0410\u041a\u041e\u0415 \u0410\u041f\u041e\u0421\u0422\u0418\u041b\u042c? \u0410\u043f\u043e\u0441\u0442\u0438\u043b\u044c \u2013 \u044d\u0442\u043e \u043b\u0435\u0433\u0430\u043b\u0438\u0437\u0430\u0446\u0438\u044f \u0434\u043e\u043a\u0443\u043c\u0435\u043d\u0442\u0430, \u043a\u043e\u0433\u0434\u0430 \u043f\u043e\u0434\u0442\u0432\u0435\u0440\u0436\u0434\u0430\u0435\u0442\u0441\u044f<\/p>\n","protected":false},"author":1,"featured_media":0,"parent":0,"menu_order":0,"comment_status":"closed","ping_status":"closed","template":"","meta":{"footnotes":""},"class_list":["post-2035","page","type-page","status-publish","hentry"],"yoast_head":"<!-- This site is optimized with the Yoast SEO plugin v27.3 - https:\/\/yoast.com\/product\/yoast-seo-wordpress\/ -->\n<title>\u0410\u043f\u043e\u0441\u0442\u0438\u043b\u0438\u0440\u043e\u0432\u0430\u043d\u0438\u0435 \u0434\u043e\u043a\u0443\u043c\u0435\u043d\u0442\u043e\u0432 - klaipedosvertimai.lt<\/title>\n<meta name=\"robots\" content=\"index, follow, max-snippet:-1, max-image-preview:large, max-video-preview:-1\" \/>\n<link rel=\"canonical\" href=\"https:\/\/www.klaipedosvertimai.lt\/ru\/apostilirovaniye-dokumentov\/\" \/>\n<meta property=\"og:locale\" content=\"ru_RU\" \/>\n<meta property=\"og:type\" content=\"article\" \/>\n<meta property=\"og:title\" content=\"\u0410\u043f\u043e\u0441\u0442\u0438\u043b\u0438\u0440\u043e\u0432\u0430\u043d\u0438\u0435 \u0434\u043e\u043a\u0443\u043c\u0435\u043d\u0442\u043e\u0432 - klaipedosvertimai.lt\" \/>\n<meta property=\"og:description\" content=\"[vc_row css_animation=&#187;&#187; row_type=&#187;row&#187; use_row_as_full_screen_section=&#187;no&#187; type=&#187;full_width&#187; angled_section=&#187;no&#187; text_align=&#187;left&#187; background_image_as_pattern=&#187;without_pattern&#187;][vc_column width=&#187;1\/2&#8243;][vc_column_text el_class=&#187;text-justify&#187;] \u0427\u0422\u041e \u0422\u0410\u041a\u041e\u0415 \u0410\u041f\u041e\u0421\u0422\u0418\u041b\u042c? \u0410\u043f\u043e\u0441\u0442\u0438\u043b\u044c \u2013 \u044d\u0442\u043e \u043b\u0435\u0433\u0430\u043b\u0438\u0437\u0430\u0446\u0438\u044f \u0434\u043e\u043a\u0443\u043c\u0435\u043d\u0442\u0430, \u043a\u043e\u0433\u0434\u0430 \u043f\u043e\u0434\u0442\u0432\u0435\u0440\u0436\u0434\u0430\u0435\u0442\u0441\u044f\" \/>\n<meta property=\"og:url\" content=\"https:\/\/www.klaipedosvertimai.lt\/ru\/apostilirovaniye-dokumentov\/\" \/>\n<meta property=\"og:site_name\" content=\"klaipedosvertimai.lt\" \/>\n<meta property=\"article:modified_time\" content=\"2020-09-18T08:08:29+00:00\" \/>\n<meta name=\"twitter:card\" content=\"summary_large_image\" \/>\n<meta name=\"twitter:label1\" content=\"\u041f\u0440\u0438\u043c\u0435\u0440\u043d\u043e\u0435 \u0432\u0440\u0435\u043c\u044f \u0434\u043b\u044f \u0447\u0442\u0435\u043d\u0438\u044f\" \/>\n\t<meta name=\"twitter:data1\" content=\"1 \u043c\u0438\u043d\u0443\u0442\u0430\" \/>\n<script type=\"application\/ld+json\" class=\"yoast-schema-graph\">{\"@context\":\"https:\\\/\\\/schema.org\",\"@graph\":[{\"@type\":\"WebPage\",\"@id\":\"https:\\\/\\\/www.klaipedosvertimai.lt\\\/ru\\\/apostilirovaniye-dokumentov\\\/\",\"url\":\"https:\\\/\\\/www.klaipedosvertimai.lt\\\/ru\\\/apostilirovaniye-dokumentov\\\/\",\"name\":\"\u0410\u043f\u043e\u0441\u0442\u0438\u043b\u0438\u0440\u043e\u0432\u0430\u043d\u0438\u0435 \u0434\u043e\u043a\u0443\u043c\u0435\u043d\u0442\u043e\u0432 - klaipedosvertimai.lt\",\"isPartOf\":{\"@id\":\"https:\\\/\\\/www.klaipedosvertimai.lt\\\/#website\"},\"datePublished\":\"2018-11-26T08:50:41+00:00\",\"dateModified\":\"2020-09-18T08:08:29+00:00\",\"breadcrumb\":{\"@id\":\"https:\\\/\\\/www.klaipedosvertimai.lt\\\/ru\\\/apostilirovaniye-dokumentov\\\/#breadcrumb\"},\"inLanguage\":\"ru-RU\",\"potentialAction\":[{\"@type\":\"ReadAction\",\"target\":[\"https:\\\/\\\/www.klaipedosvertimai.lt\\\/ru\\\/apostilirovaniye-dokumentov\\\/\"]}]},{\"@type\":\"BreadcrumbList\",\"@id\":\"https:\\\/\\\/www.klaipedosvertimai.lt\\\/ru\\\/apostilirovaniye-dokumentov\\\/#breadcrumb\",\"itemListElement\":[{\"@type\":\"ListItem\",\"position\":1,\"name\":\"Home\",\"item\":\"https:\\\/\\\/www.klaipedosvertimai.lt\\\/ru\\\/\"},{\"@type\":\"ListItem\",\"position\":2,\"name\":\"\u0410\u043f\u043e\u0441\u0442\u0438\u043b\u0438\u0440\u043e\u0432\u0430\u043d\u0438\u0435 \u0434\u043e\u043a\u0443\u043c\u0435\u043d\u0442\u043e\u0432\"}]},{\"@type\":\"WebSite\",\"@id\":\"https:\\\/\\\/www.klaipedosvertimai.lt\\\/#website\",\"url\":\"https:\\\/\\\/www.klaipedosvertimai.lt\\\/\",\"name\":\"klaipedosvertimai.lt\",\"description\":\"Vertimo paslaugos\",\"potentialAction\":[{\"@type\":\"SearchAction\",\"target\":{\"@type\":\"EntryPoint\",\"urlTemplate\":\"https:\\\/\\\/www.klaipedosvertimai.lt\\\/?s={search_term_string}\"},\"query-input\":{\"@type\":\"PropertyValueSpecification\",\"valueRequired\":true,\"valueName\":\"search_term_string\"}}],\"inLanguage\":\"ru-RU\"}]}<\/script>\n<!-- \/ Yoast SEO plugin. -->","yoast_head_json":{"title":"\u0410\u043f\u043e\u0441\u0442\u0438\u043b\u0438\u0440\u043e\u0432\u0430\u043d\u0438\u0435 \u0434\u043e\u043a\u0443\u043c\u0435\u043d\u0442\u043e\u0432 - klaipedosvertimai.lt","robots":{"index":"index","follow":"follow","max-snippet":"max-snippet:-1","max-image-preview":"max-image-preview:large","max-video-preview":"max-video-preview:-1"},"canonical":"https:\/\/www.klaipedosvertimai.lt\/ru\/apostilirovaniye-dokumentov\/","og_locale":"ru_RU","og_type":"article","og_title":"\u0410\u043f\u043e\u0441\u0442\u0438\u043b\u0438\u0440\u043e\u0432\u0430\u043d\u0438\u0435 \u0434\u043e\u043a\u0443\u043c\u0435\u043d\u0442\u043e\u0432 - klaipedosvertimai.lt","og_description":"[vc_row css_animation=&#187;&#187; row_type=&#187;row&#187; use_row_as_full_screen_section=&#187;no&#187; type=&#187;full_width&#187; angled_section=&#187;no&#187; text_align=&#187;left&#187; background_image_as_pattern=&#187;without_pattern&#187;][vc_column width=&#187;1\/2&#8243;][vc_column_text el_class=&#187;text-justify&#187;] \u0427\u0422\u041e \u0422\u0410\u041a\u041e\u0415 \u0410\u041f\u041e\u0421\u0422\u0418\u041b\u042c? \u0410\u043f\u043e\u0441\u0442\u0438\u043b\u044c \u2013 \u044d\u0442\u043e \u043b\u0435\u0433\u0430\u043b\u0438\u0437\u0430\u0446\u0438\u044f \u0434\u043e\u043a\u0443\u043c\u0435\u043d\u0442\u0430, \u043a\u043e\u0433\u0434\u0430 \u043f\u043e\u0434\u0442\u0432\u0435\u0440\u0436\u0434\u0430\u0435\u0442\u0441\u044f","og_url":"https:\/\/www.klaipedosvertimai.lt\/ru\/apostilirovaniye-dokumentov\/","og_site_name":"klaipedosvertimai.lt","article_modified_time":"2020-09-18T08:08:29+00:00","twitter_card":"summary_large_image","twitter_misc":{"\u041f\u0440\u0438\u043c\u0435\u0440\u043d\u043e\u0435 \u0432\u0440\u0435\u043c\u044f \u0434\u043b\u044f \u0447\u0442\u0435\u043d\u0438\u044f":"1 \u043c\u0438\u043d\u0443\u0442\u0430"},"schema":{"@context":"https:\/\/schema.org","@graph":[{"@type":"WebPage","@id":"https:\/\/www.klaipedosvertimai.lt\/ru\/apostilirovaniye-dokumentov\/","url":"https:\/\/www.klaipedosvertimai.lt\/ru\/apostilirovaniye-dokumentov\/","name":"\u0410\u043f\u043e\u0441\u0442\u0438\u043b\u0438\u0440\u043e\u0432\u0430\u043d\u0438\u0435 \u0434\u043e\u043a\u0443\u043c\u0435\u043d\u0442\u043e\u0432 - klaipedosvertimai.lt","isPartOf":{"@id":"https:\/\/www.klaipedosvertimai.lt\/#website"},"datePublished":"2018-11-26T08:50:41+00:00","dateModified":"2020-09-18T08:08:29+00:00","breadcrumb":{"@id":"https:\/\/www.klaipedosvertimai.lt\/ru\/apostilirovaniye-dokumentov\/#breadcrumb"},"inLanguage":"ru-RU","potentialAction":[{"@type":"ReadAction","target":["https:\/\/www.klaipedosvertimai.lt\/ru\/apostilirovaniye-dokumentov\/"]}]},{"@type":"BreadcrumbList","@id":"https:\/\/www.klaipedosvertimai.lt\/ru\/apostilirovaniye-dokumentov\/#breadcrumb","itemListElement":[{"@type":"ListItem","position":1,"name":"Home","item":"https:\/\/www.klaipedosvertimai.lt\/ru\/"},{"@type":"ListItem","position":2,"name":"\u0410\u043f\u043e\u0441\u0442\u0438\u043b\u0438\u0440\u043e\u0432\u0430\u043d\u0438\u0435 \u0434\u043e\u043a\u0443\u043c\u0435\u043d\u0442\u043e\u0432"}]},{"@type":"WebSite","@id":"https:\/\/www.klaipedosvertimai.lt\/#website","url":"https:\/\/www.klaipedosvertimai.lt\/","name":"klaipedosvertimai.lt","description":"Vertimo paslaugos","potentialAction":[{"@type":"SearchAction","target":{"@type":"EntryPoint","urlTemplate":"https:\/\/www.klaipedosvertimai.lt\/?s={search_term_string}"},"query-input":{"@type":"PropertyValueSpecification","valueRequired":true,"valueName":"search_term_string"}}],"inLanguage":"ru-RU"}]}},"_links":{"self":[{"href":"https:\/\/www.klaipedosvertimai.lt\/ru\/wp-json\/wp\/v2\/pages\/2035","targetHints":{"allow":["GET"]}}],"collection":[{"href":"https:\/\/www.klaipedosvertimai.lt\/ru\/wp-json\/wp\/v2\/pages"}],"about":[{"href":"https:\/\/www.klaipedosvertimai.lt\/ru\/wp-json\/wp\/v2\/types\/page"}],"author":[{"embeddable":true,"href":"https:\/\/www.klaipedosvertimai.lt\/ru\/wp-json\/wp\/v2\/users\/1"}],"replies":[{"embeddable":true,"href":"https:\/\/www.klaipedosvertimai.lt\/ru\/wp-json\/wp\/v2\/comments?post=2035"}],"version-history":[{"count":2,"href":"https:\/\/www.klaipedosvertimai.lt\/ru\/wp-json\/wp\/v2\/pages\/2035\/revisions"}],"predecessor-version":[{"id":2036,"href":"https:\/\/www.klaipedosvertimai.lt\/ru\/wp-json\/wp\/v2\/pages\/2035\/revisions\/2036"}],"wp:attachment":[{"href":"https:\/\/www.klaipedosvertimai.lt\/ru\/wp-json\/wp\/v2\/media?parent=2035"}],"curies":[{"name":"wp","href":"https:\/\/api.w.org\/{rel}","templated":true}]}}