{"id":2058,"date":"2018-11-26T06:45:10","date_gmt":"2018-11-26T08:45:10","guid":{"rendered":"https:\/\/www.klaipedosvertimai.lt\/notariniai-ir-biuro-tvirtinimai\/"},"modified":"2020-09-18T11:10:19","modified_gmt":"2020-09-18T08:10:19","slug":"zavereniya-byuro-perevodov-i-notarialnyye-zavereniya","status":"publish","type":"page","link":"https:\/\/www.klaipedosvertimai.lt\/ru\/zavereniya-byuro-perevodov-i-notarialnyye-zavereniya\/","title":{"rendered":"\u0417\u0430\u0432\u0435\u0440\u0435\u043d\u0438\u044f \u0431\u044e\u0440\u043e \u043f\u0435\u0440\u0435\u0432\u043e\u0434\u043e\u0432 \u0438 \u043d\u043e\u0442\u0430\u0440\u0438\u0430\u043b\u044c\u043d\u044b\u0435 \u0437\u0430\u0432\u0435\u0440\u0435\u043d\u0438\u044f"},"content":{"rendered":"<div class=\"wpb-content-wrapper\"><p>[vc_row css_animation=&#187;&#187; row_type=&#187;row&#187; use_row_as_full_screen_section=&#187;no&#187; type=&#187;full_width&#187; angled_section=&#187;no&#187; text_align=&#187;left&#187; background_image_as_pattern=&#187;without_pattern&#187;][vc_column width=&#187;1\/2&#8243;][vc_column_text el_class=&#187;text-justify&#187;]<\/p>\n<h3><strong>\u0417\u0430\u0432\u0435\u0440\u0435\u043d\u0438\u0435 \u043f\u0435\u0440\u0435\u0432\u043e\u0434\u0430<\/strong><\/h3>\n<p>\u0421\u0443\u0449\u0435\u0441\u0442\u0432\u0443\u0435\u0442 \u0434\u0432\u0430 \u0432\u043e\u0437\u043c\u043e\u0436\u043d\u044b\u0445 \u0441\u043f\u043e\u0441\u043e\u0431\u0430 \u0437\u0430\u0432\u0435\u0440\u0435\u043d\u0438\u044f \u0432\u044b\u043f\u043e\u043b\u043d\u0435\u043d\u043d\u043e\u0433\u043e \u043f\u0435\u0440\u0435\u0432\u043e\u0434\u0430: \u0437\u0430\u0432\u0435\u0440\u0435\u043d\u0438\u0435 \u043f\u0435\u0440\u0435\u0432\u043e\u0434\u0430 \u043f\u0435\u0447\u0430\u0442\u044c\u044e \u0431\u044e\u0440\u043e \u043f\u0435\u0440\u0435\u0432\u043e\u0434\u043e\u0432 \u0438 \u043f\u043e\u0434\u043f\u0438\u0441\u044f\u043c\u0438 \u043f\u0435\u0440\u0435\u0432\u043e\u0434\u0447\u0438\u043a\u043e\u0432 \u0438 \u0437\u0430\u0432\u0435\u0440\u0435\u043d\u0438\u0435 \u043f\u0435\u0440\u0435\u0432\u043e\u0434\u0430 \u043d\u043e\u0442\u0430\u0440\u0438\u0443\u0441\u043e\u043c.<\/p>\n<h3><strong>K\u0105 liudija notaras?<\/strong><\/h3>\n<p>Norime atkreipti d\u0117mes\u012f, kad notarai neliudija vertimo tikrumo \u012f kit\u0105 kalb\u0105. Notarai teikia \u0161ias vertimo \u012fforminimo paslaugas:<\/p>\n<ul class=\"unIndentedList\">\n<li>Kai pageidaujama nuora\u0161o, ant originalo kopijos u\u017ededami notaro spaudas \u201enuora\u0161as\u201c, dokumentas registruojamas notaro (-\u0117s) knygoje.\u00a0<strong>\u0160ia proced\u016bra notaras liudija, kad nuora\u0161as atitinka pateikt\u0105 dokument\u0105<\/strong>;<\/li>\n<li>Kai pageidaujama vertim\u0105 \u012fforminti notari\u0161kai,\u00a0<strong>notaras savo para\u0161u ir antspaudais liudija vert\u0117jo para\u0161o tikrum\u0105<\/strong>.<\/li>\n<\/ul>\n<p>[\/vc_column_text][\/vc_column][vc_column width=&#187;1\/2&#8243;][vc_single_image image=&#187;1044&#8243; img_size=&#187;full&#187; qode_css_animation=&#187;&#187;][\/vc_column][vc_column][vc_empty_space height=&#187;100px&#187;][\/vc_column][\/vc_row]<\/p>\n<\/div>","protected":false},"excerpt":{"rendered":"<p>[vc_row css_animation=&#187;&#187; row_type=&#187;row&#187; use_row_as_full_screen_section=&#187;no&#187; type=&#187;full_width&#187; angled_section=&#187;no&#187; text_align=&#187;left&#187; background_image_as_pattern=&#187;without_pattern&#187;][vc_column width=&#187;1\/2&#8243;][vc_column_text el_class=&#187;text-justify&#187;] \u0417\u0430\u0432\u0435\u0440\u0435\u043d\u0438\u0435 \u043f\u0435\u0440\u0435\u0432\u043e\u0434\u0430 \u0421\u0443\u0449\u0435\u0441\u0442\u0432\u0443\u0435\u0442 \u0434\u0432\u0430 \u0432\u043e\u0437\u043c\u043e\u0436\u043d\u044b\u0445 \u0441\u043f\u043e\u0441\u043e\u0431\u0430 \u0437\u0430\u0432\u0435\u0440\u0435\u043d\u0438\u044f \u0432\u044b\u043f\u043e\u043b\u043d\u0435\u043d\u043d\u043e\u0433\u043e \u043f\u0435\u0440\u0435\u0432\u043e\u0434\u0430: \u0437\u0430\u0432\u0435\u0440\u0435\u043d\u0438\u0435<\/p>\n","protected":false},"author":1,"featured_media":0,"parent":0,"menu_order":0,"comment_status":"closed","ping_status":"closed","template":"","meta":{"footnotes":""},"class_list":["post-2058","page","type-page","status-publish","hentry"],"yoast_head":"<!-- This site is optimized with the Yoast SEO plugin v27.5 - https:\/\/yoast.com\/product\/yoast-seo-wordpress\/ -->\n<title>\u0417\u0430\u0432\u0435\u0440\u0435\u043d\u0438\u044f \u0431\u044e\u0440\u043e \u043f\u0435\u0440\u0435\u0432\u043e\u0434\u043e\u0432 \u0438 \u043d\u043e\u0442\u0430\u0440\u0438\u0430\u043b\u044c\u043d\u044b\u0435 \u0437\u0430\u0432\u0435\u0440\u0435\u043d\u0438\u044f - klaipedosvertimai.lt<\/title>\n<meta name=\"robots\" content=\"index, follow, max-snippet:-1, max-image-preview:large, max-video-preview:-1\" \/>\n<link rel=\"canonical\" href=\"https:\/\/www.klaipedosvertimai.lt\/ru\/zavereniya-byuro-perevodov-i-notarialnyye-zavereniya\/\" \/>\n<meta property=\"og:locale\" content=\"ru_RU\" \/>\n<meta property=\"og:type\" content=\"article\" \/>\n<meta property=\"og:title\" content=\"\u0417\u0430\u0432\u0435\u0440\u0435\u043d\u0438\u044f \u0431\u044e\u0440\u043e \u043f\u0435\u0440\u0435\u0432\u043e\u0434\u043e\u0432 \u0438 \u043d\u043e\u0442\u0430\u0440\u0438\u0430\u043b\u044c\u043d\u044b\u0435 \u0437\u0430\u0432\u0435\u0440\u0435\u043d\u0438\u044f - klaipedosvertimai.lt\" \/>\n<meta property=\"og:description\" content=\"[vc_row css_animation=&#187;&#187; row_type=&#187;row&#187; use_row_as_full_screen_section=&#187;no&#187; type=&#187;full_width&#187; angled_section=&#187;no&#187; text_align=&#187;left&#187; background_image_as_pattern=&#187;without_pattern&#187;][vc_column width=&#187;1\/2&#8243;][vc_column_text el_class=&#187;text-justify&#187;] \u0417\u0430\u0432\u0435\u0440\u0435\u043d\u0438\u0435 \u043f\u0435\u0440\u0435\u0432\u043e\u0434\u0430 \u0421\u0443\u0449\u0435\u0441\u0442\u0432\u0443\u0435\u0442 \u0434\u0432\u0430 \u0432\u043e\u0437\u043c\u043e\u0436\u043d\u044b\u0445 \u0441\u043f\u043e\u0441\u043e\u0431\u0430 \u0437\u0430\u0432\u0435\u0440\u0435\u043d\u0438\u044f \u0432\u044b\u043f\u043e\u043b\u043d\u0435\u043d\u043d\u043e\u0433\u043e \u043f\u0435\u0440\u0435\u0432\u043e\u0434\u0430: \u0437\u0430\u0432\u0435\u0440\u0435\u043d\u0438\u0435\" \/>\n<meta property=\"og:url\" content=\"https:\/\/www.klaipedosvertimai.lt\/ru\/zavereniya-byuro-perevodov-i-notarialnyye-zavereniya\/\" \/>\n<meta property=\"og:site_name\" content=\"klaipedosvertimai.lt\" \/>\n<meta property=\"article:modified_time\" content=\"2020-09-18T08:10:19+00:00\" \/>\n<meta name=\"twitter:card\" content=\"summary_large_image\" \/>\n<meta name=\"twitter:label1\" content=\"\u041f\u0440\u0438\u043c\u0435\u0440\u043d\u043e\u0435 \u0432\u0440\u0435\u043c\u044f \u0434\u043b\u044f \u0447\u0442\u0435\u043d\u0438\u044f\" \/>\n\t<meta name=\"twitter:data1\" content=\"1 \u043c\u0438\u043d\u0443\u0442\u0430\" \/>\n<script type=\"application\/ld+json\" class=\"yoast-schema-graph\">{\"@context\":\"https:\\\/\\\/schema.org\",\"@graph\":[{\"@type\":\"WebPage\",\"@id\":\"https:\\\/\\\/www.klaipedosvertimai.lt\\\/ru\\\/zavereniya-byuro-perevodov-i-notarialnyye-zavereniya\\\/\",\"url\":\"https:\\\/\\\/www.klaipedosvertimai.lt\\\/ru\\\/zavereniya-byuro-perevodov-i-notarialnyye-zavereniya\\\/\",\"name\":\"\u0417\u0430\u0432\u0435\u0440\u0435\u043d\u0438\u044f \u0431\u044e\u0440\u043e \u043f\u0435\u0440\u0435\u0432\u043e\u0434\u043e\u0432 \u0438 \u043d\u043e\u0442\u0430\u0440\u0438\u0430\u043b\u044c\u043d\u044b\u0435 \u0437\u0430\u0432\u0435\u0440\u0435\u043d\u0438\u044f - klaipedosvertimai.lt\",\"isPartOf\":{\"@id\":\"https:\\\/\\\/www.klaipedosvertimai.lt\\\/#website\"},\"datePublished\":\"2018-11-26T08:45:10+00:00\",\"dateModified\":\"2020-09-18T08:10:19+00:00\",\"breadcrumb\":{\"@id\":\"https:\\\/\\\/www.klaipedosvertimai.lt\\\/ru\\\/zavereniya-byuro-perevodov-i-notarialnyye-zavereniya\\\/#breadcrumb\"},\"inLanguage\":\"ru-RU\",\"potentialAction\":[{\"@type\":\"ReadAction\",\"target\":[\"https:\\\/\\\/www.klaipedosvertimai.lt\\\/ru\\\/zavereniya-byuro-perevodov-i-notarialnyye-zavereniya\\\/\"]}]},{\"@type\":\"BreadcrumbList\",\"@id\":\"https:\\\/\\\/www.klaipedosvertimai.lt\\\/ru\\\/zavereniya-byuro-perevodov-i-notarialnyye-zavereniya\\\/#breadcrumb\",\"itemListElement\":[{\"@type\":\"ListItem\",\"position\":1,\"name\":\"Home\",\"item\":\"https:\\\/\\\/www.klaipedosvertimai.lt\\\/ru\\\/\"},{\"@type\":\"ListItem\",\"position\":2,\"name\":\"\u0417\u0430\u0432\u0435\u0440\u0435\u043d\u0438\u044f \u0431\u044e\u0440\u043e \u043f\u0435\u0440\u0435\u0432\u043e\u0434\u043e\u0432 \u0438 \u043d\u043e\u0442\u0430\u0440\u0438\u0430\u043b\u044c\u043d\u044b\u0435 \u0437\u0430\u0432\u0435\u0440\u0435\u043d\u0438\u044f\"}]},{\"@type\":\"WebSite\",\"@id\":\"https:\\\/\\\/www.klaipedosvertimai.lt\\\/#website\",\"url\":\"https:\\\/\\\/www.klaipedosvertimai.lt\\\/\",\"name\":\"klaipedosvertimai.lt\",\"description\":\"Vertimo paslaugos\",\"potentialAction\":[{\"@type\":\"SearchAction\",\"target\":{\"@type\":\"EntryPoint\",\"urlTemplate\":\"https:\\\/\\\/www.klaipedosvertimai.lt\\\/?s={search_term_string}\"},\"query-input\":{\"@type\":\"PropertyValueSpecification\",\"valueRequired\":true,\"valueName\":\"search_term_string\"}}],\"inLanguage\":\"ru-RU\"}]}<\/script>\n<!-- \/ Yoast SEO plugin. -->","yoast_head_json":{"title":"\u0417\u0430\u0432\u0435\u0440\u0435\u043d\u0438\u044f \u0431\u044e\u0440\u043e \u043f\u0435\u0440\u0435\u0432\u043e\u0434\u043e\u0432 \u0438 \u043d\u043e\u0442\u0430\u0440\u0438\u0430\u043b\u044c\u043d\u044b\u0435 \u0437\u0430\u0432\u0435\u0440\u0435\u043d\u0438\u044f - klaipedosvertimai.lt","robots":{"index":"index","follow":"follow","max-snippet":"max-snippet:-1","max-image-preview":"max-image-preview:large","max-video-preview":"max-video-preview:-1"},"canonical":"https:\/\/www.klaipedosvertimai.lt\/ru\/zavereniya-byuro-perevodov-i-notarialnyye-zavereniya\/","og_locale":"ru_RU","og_type":"article","og_title":"\u0417\u0430\u0432\u0435\u0440\u0435\u043d\u0438\u044f \u0431\u044e\u0440\u043e \u043f\u0435\u0440\u0435\u0432\u043e\u0434\u043e\u0432 \u0438 \u043d\u043e\u0442\u0430\u0440\u0438\u0430\u043b\u044c\u043d\u044b\u0435 \u0437\u0430\u0432\u0435\u0440\u0435\u043d\u0438\u044f - klaipedosvertimai.lt","og_description":"[vc_row css_animation=&#187;&#187; row_type=&#187;row&#187; use_row_as_full_screen_section=&#187;no&#187; type=&#187;full_width&#187; angled_section=&#187;no&#187; text_align=&#187;left&#187; background_image_as_pattern=&#187;without_pattern&#187;][vc_column width=&#187;1\/2&#8243;][vc_column_text el_class=&#187;text-justify&#187;] \u0417\u0430\u0432\u0435\u0440\u0435\u043d\u0438\u0435 \u043f\u0435\u0440\u0435\u0432\u043e\u0434\u0430 \u0421\u0443\u0449\u0435\u0441\u0442\u0432\u0443\u0435\u0442 \u0434\u0432\u0430 \u0432\u043e\u0437\u043c\u043e\u0436\u043d\u044b\u0445 \u0441\u043f\u043e\u0441\u043e\u0431\u0430 \u0437\u0430\u0432\u0435\u0440\u0435\u043d\u0438\u044f \u0432\u044b\u043f\u043e\u043b\u043d\u0435\u043d\u043d\u043e\u0433\u043e \u043f\u0435\u0440\u0435\u0432\u043e\u0434\u0430: \u0437\u0430\u0432\u0435\u0440\u0435\u043d\u0438\u0435","og_url":"https:\/\/www.klaipedosvertimai.lt\/ru\/zavereniya-byuro-perevodov-i-notarialnyye-zavereniya\/","og_site_name":"klaipedosvertimai.lt","article_modified_time":"2020-09-18T08:10:19+00:00","twitter_card":"summary_large_image","twitter_misc":{"\u041f\u0440\u0438\u043c\u0435\u0440\u043d\u043e\u0435 \u0432\u0440\u0435\u043c\u044f \u0434\u043b\u044f \u0447\u0442\u0435\u043d\u0438\u044f":"1 \u043c\u0438\u043d\u0443\u0442\u0430"},"schema":{"@context":"https:\/\/schema.org","@graph":[{"@type":"WebPage","@id":"https:\/\/www.klaipedosvertimai.lt\/ru\/zavereniya-byuro-perevodov-i-notarialnyye-zavereniya\/","url":"https:\/\/www.klaipedosvertimai.lt\/ru\/zavereniya-byuro-perevodov-i-notarialnyye-zavereniya\/","name":"\u0417\u0430\u0432\u0435\u0440\u0435\u043d\u0438\u044f \u0431\u044e\u0440\u043e \u043f\u0435\u0440\u0435\u0432\u043e\u0434\u043e\u0432 \u0438 \u043d\u043e\u0442\u0430\u0440\u0438\u0430\u043b\u044c\u043d\u044b\u0435 \u0437\u0430\u0432\u0435\u0440\u0435\u043d\u0438\u044f - klaipedosvertimai.lt","isPartOf":{"@id":"https:\/\/www.klaipedosvertimai.lt\/#website"},"datePublished":"2018-11-26T08:45:10+00:00","dateModified":"2020-09-18T08:10:19+00:00","breadcrumb":{"@id":"https:\/\/www.klaipedosvertimai.lt\/ru\/zavereniya-byuro-perevodov-i-notarialnyye-zavereniya\/#breadcrumb"},"inLanguage":"ru-RU","potentialAction":[{"@type":"ReadAction","target":["https:\/\/www.klaipedosvertimai.lt\/ru\/zavereniya-byuro-perevodov-i-notarialnyye-zavereniya\/"]}]},{"@type":"BreadcrumbList","@id":"https:\/\/www.klaipedosvertimai.lt\/ru\/zavereniya-byuro-perevodov-i-notarialnyye-zavereniya\/#breadcrumb","itemListElement":[{"@type":"ListItem","position":1,"name":"Home","item":"https:\/\/www.klaipedosvertimai.lt\/ru\/"},{"@type":"ListItem","position":2,"name":"\u0417\u0430\u0432\u0435\u0440\u0435\u043d\u0438\u044f \u0431\u044e\u0440\u043e \u043f\u0435\u0440\u0435\u0432\u043e\u0434\u043e\u0432 \u0438 \u043d\u043e\u0442\u0430\u0440\u0438\u0430\u043b\u044c\u043d\u044b\u0435 \u0437\u0430\u0432\u0435\u0440\u0435\u043d\u0438\u044f"}]},{"@type":"WebSite","@id":"https:\/\/www.klaipedosvertimai.lt\/#website","url":"https:\/\/www.klaipedosvertimai.lt\/","name":"klaipedosvertimai.lt","description":"Vertimo paslaugos","potentialAction":[{"@type":"SearchAction","target":{"@type":"EntryPoint","urlTemplate":"https:\/\/www.klaipedosvertimai.lt\/?s={search_term_string}"},"query-input":{"@type":"PropertyValueSpecification","valueRequired":true,"valueName":"search_term_string"}}],"inLanguage":"ru-RU"}]}},"_links":{"self":[{"href":"https:\/\/www.klaipedosvertimai.lt\/ru\/wp-json\/wp\/v2\/pages\/2058","targetHints":{"allow":["GET"]}}],"collection":[{"href":"https:\/\/www.klaipedosvertimai.lt\/ru\/wp-json\/wp\/v2\/pages"}],"about":[{"href":"https:\/\/www.klaipedosvertimai.lt\/ru\/wp-json\/wp\/v2\/types\/page"}],"author":[{"embeddable":true,"href":"https:\/\/www.klaipedosvertimai.lt\/ru\/wp-json\/wp\/v2\/users\/1"}],"replies":[{"embeddable":true,"href":"https:\/\/www.klaipedosvertimai.lt\/ru\/wp-json\/wp\/v2\/comments?post=2058"}],"version-history":[{"count":2,"href":"https:\/\/www.klaipedosvertimai.lt\/ru\/wp-json\/wp\/v2\/pages\/2058\/revisions"}],"predecessor-version":[{"id":2060,"href":"https:\/\/www.klaipedosvertimai.lt\/ru\/wp-json\/wp\/v2\/pages\/2058\/revisions\/2060"}],"wp:attachment":[{"href":"https:\/\/www.klaipedosvertimai.lt\/ru\/wp-json\/wp\/v2\/media?parent=2058"}],"curies":[{"name":"wp","href":"https:\/\/api.w.org\/{rel}","templated":true}]}}